{"id":106,"date":"2019-05-16T18:19:35","date_gmt":"2019-05-16T17:19:35","guid":{"rendered":"https:\/\/guenther-reimann.de\/wordpress\/?page_id=106"},"modified":"2023-02-09T05:06:03","modified_gmt":"2023-02-09T04:06:03","slug":"datenschutzerklaerung","status":"publish","type":"page","link":"https:\/\/guenther-reimann.de\/wordpress\/?page_id=106","title":{"rendered":"Datenschutzerkl\u00e4rung"},"content":{"rendered":"\n<h2 class=\"wp-block-heading\">Wer wir sind:<\/h2>\n\n\n\n<p>Die Adresse meiner Website ist: https:\/\/guenther-reimann.de\/wordpress.<\/p>\n\n\n\n<h2 class=\"wp-block-heading\">Welche personenbezogenen Daten gesammelt werden und warum sie gesammelt werden:<\/h2>\n\n\n\n<p>Analysedienste: keine auf dieser Website<\/p>\n\n\n\n<p>Besucher-Kommentare: keine auf dieser Website <\/p>\n\n\n\n<p>Speichern von personenbezogenen Daten: nicht auf dieser Website<\/p>\n\n\n\n<p>Teilen personenbezogener Daten mit Dritten: nicht auf dieser Website<\/p>\n\n\n\n<h2 class=\"wp-block-heading\">Eingebettete Inhalte von anderen Websites:<\/h2>\n\n\n\n<p>Beitr\u00e4ge auf dieser Website k\u00f6nnen eingebettete Inhalte beinhalten (z.&nbsp;B. Videos, Bilder, Beitr\u00e4ge etc.). Eingebettete Inhalte von anderen Websites verhalten sich exakt so, als ob der Besucher die andere Website besucht h\u00e4tte.<\/p>\n\n\n\n<p>Diese Websites k\u00f6nnen Daten \u00fcber Sie sammeln, Cookies benutzen, zus\u00e4tzliche Tracking-Dienste von Dritten einbetten und Ihre Interaktion mit diesem eingebetteten Inhalt aufzeichnen, inklusive Ihrer Interaktion mit dem eingebetteten Inhalt, falls Sie ein Konto haben und auf dieser Website angemeldet sind.<\/p>\n","protected":false},"excerpt":{"rendered":"<p>Wer wir sind: Die Adresse meiner Website ist: https:\/\/guenther-reimann.de\/wordpress. Welche personenbezogenen Daten gesammelt werden und warum sie gesammelt werden: Analysedienste: keine auf dieser Website Besucher-Kommentare: keine auf dieser Website Speichern von personenbezogenen Daten: nicht auf dieser Website Teilen personenbezogener Daten mit Dritten: nicht auf dieser Website Eingebettete Inhalte von anderen Websites: Beitr\u00e4ge auf dieser Website &hellip; <\/p>\n<p class=\"link-more\"><a href=\"https:\/\/guenther-reimann.de\/wordpress\/?page_id=106\" class=\"more-link\"><span class=\"screen-reader-text\">\u201eDatenschutzerkl\u00e4rung\u201c <\/span>weiterlesen<\/a><\/p>\n","protected":false},"author":1,"featured_media":0,"parent":0,"menu_order":0,"comment_status":"closed","ping_status":"closed","template":"","meta":{"footnotes":""},"class_list":["post-106","page","type-page","status-publish","hentry"],"_links":{"self":[{"href":"https:\/\/guenther-reimann.de\/wordpress\/index.php?rest_route=\/wp\/v2\/pages\/106","targetHints":{"allow":["GET"]}}],"collection":[{"href":"https:\/\/guenther-reimann.de\/wordpress\/index.php?rest_route=\/wp\/v2\/pages"}],"about":[{"href":"https:\/\/guenther-reimann.de\/wordpress\/index.php?rest_route=\/wp\/v2\/types\/page"}],"author":[{"embeddable":true,"href":"https:\/\/guenther-reimann.de\/wordpress\/index.php?rest_route=\/wp\/v2\/users\/1"}],"replies":[{"embeddable":true,"href":"https:\/\/guenther-reimann.de\/wordpress\/index.php?rest_route=%2Fwp%2Fv2%2Fcomments&post=106"}],"version-history":[{"count":10,"href":"https:\/\/guenther-reimann.de\/wordpress\/index.php?rest_route=\/wp\/v2\/pages\/106\/revisions"}],"predecessor-version":[{"id":160,"href":"https:\/\/guenther-reimann.de\/wordpress\/index.php?rest_route=\/wp\/v2\/pages\/106\/revisions\/160"}],"wp:attachment":[{"href":"https:\/\/guenther-reimann.de\/wordpress\/index.php?rest_route=%2Fwp%2Fv2%2Fmedia&parent=106"}],"curies":[{"name":"wp","href":"https:\/\/api.w.org\/{rel}","templated":true}]}}