{"id":16,"date":"2018-06-19T15:32:49","date_gmt":"2018-06-19T15:32:49","guid":{"rendered":"http:\/\/guenther-reimann.de\/wordpress\/?page_id=16"},"modified":"2018-06-26T14:49:02","modified_gmt":"2018-06-26T14:49:02","slug":"impressum","status":"publish","type":"page","link":"https:\/\/guenther-reimann.de\/wordpress\/?page_id=16","title":{"rendered":"Impressum"},"content":{"rendered":"<div id=\"id3\">\n<p>Verantwortlich f\u00fcr den<br \/>\nInhalt dieser Seiten:<a href=\"http:\/\/guenther-reimann.de\/wordpress\/wp-content\/uploads\/2018\/06\/digital.jpg\"><img loading=\"lazy\" decoding=\"async\" class=\"size-full wp-image-41 alignright\" src=\"http:\/\/guenther-reimann.de\/wordpress\/wp-content\/uploads\/2018\/06\/digital.jpg\" alt=\"\" width=\"215\" height=\"140\" \/><\/a><\/p>\n<p>&nbsp;<\/p>\n<p>G\u00fcnther Reimann<br \/>\n81373 M\u00fcnchen<\/p>\n<\/div>\n<div id=\"id4\">\n<div>\n<p>Hinweis zu allen Links auf dieser Homepage:<br \/>\nIch distanziere mich hiermit ausdr\u00fccklich unter Berufung auf das Urteil vom 12. Mai 1998 &#8211; 312 O 85\/98 &#8211; &#8222;Haftung f\u00fcr Links&#8220; des Landgerichts Hamburg von s\u00e4mtlichen Inhalten aller hier per Link angebotenen, nicht zu dieser Webpr\u00e4senz zugeh\u00f6rigen Seiten. F\u00fcr den Inhalt der verlinkten Seiten sind ausschlie\u00dflich deren Betreiber verantwortlich.<\/p>\n<\/div>\n<\/div>\n","protected":false},"excerpt":{"rendered":"<p>Verantwortlich f\u00fcr den Inhalt dieser Seiten: &nbsp; G\u00fcnther Reimann 81373 M\u00fcnchen Hinweis zu allen Links auf dieser Homepage: Ich distanziere mich hiermit ausdr\u00fccklich unter Berufung auf das Urteil vom 12. Mai 1998 &#8211; 312 O 85\/98 &#8211; &#8222;Haftung f\u00fcr Links&#8220; des Landgerichts Hamburg von s\u00e4mtlichen Inhalten aller hier per Link angebotenen, nicht zu dieser Webpr\u00e4senz &hellip; <\/p>\n<p class=\"link-more\"><a href=\"https:\/\/guenther-reimann.de\/wordpress\/?page_id=16\" class=\"more-link\"><span class=\"screen-reader-text\">\u201eImpressum\u201c <\/span>weiterlesen<\/a><\/p>\n","protected":false},"author":1,"featured_media":0,"parent":0,"menu_order":0,"comment_status":"closed","ping_status":"closed","template":"","meta":{"footnotes":""},"class_list":["post-16","page","type-page","status-publish","hentry"],"_links":{"self":[{"href":"https:\/\/guenther-reimann.de\/wordpress\/index.php?rest_route=\/wp\/v2\/pages\/16","targetHints":{"allow":["GET"]}}],"collection":[{"href":"https:\/\/guenther-reimann.de\/wordpress\/index.php?rest_route=\/wp\/v2\/pages"}],"about":[{"href":"https:\/\/guenther-reimann.de\/wordpress\/index.php?rest_route=\/wp\/v2\/types\/page"}],"author":[{"embeddable":true,"href":"https:\/\/guenther-reimann.de\/wordpress\/index.php?rest_route=\/wp\/v2\/users\/1"}],"replies":[{"embeddable":true,"href":"https:\/\/guenther-reimann.de\/wordpress\/index.php?rest_route=%2Fwp%2Fv2%2Fcomments&post=16"}],"version-history":[{"count":7,"href":"https:\/\/guenther-reimann.de\/wordpress\/index.php?rest_route=\/wp\/v2\/pages\/16\/revisions"}],"predecessor-version":[{"id":64,"href":"https:\/\/guenther-reimann.de\/wordpress\/index.php?rest_route=\/wp\/v2\/pages\/16\/revisions\/64"}],"wp:attachment":[{"href":"https:\/\/guenther-reimann.de\/wordpress\/index.php?rest_route=%2Fwp%2Fv2%2Fmedia&parent=16"}],"curies":[{"name":"wp","href":"https:\/\/api.w.org\/{rel}","templated":true}]}}